{"id":3139,"date":"2022-06-03T03:41:35","date_gmt":"2022-06-03T01:41:35","guid":{"rendered":"https:\/\/ophelie-fontaine.fr\/?page_id=3139"},"modified":"2022-07-26T12:32:11","modified_gmt":"2022-07-26T10:32:11","slug":"mentions-legales","status":"publish","type":"page","link":"https:\/\/ophelie-fontaine.fr\/?page_id=3139","title":{"rendered":"Mentions l\u00e9gales"},"content":{"rendered":"\t\t<div data-elementor-type=\"wp-page\" data-elementor-id=\"3139\" class=\"elementor elementor-3139\">\n\t\t\t\t\t\t\t\t\t<section class=\"elementor-section elementor-top-section elementor-element elementor-element-3060c1b elementor-section-boxed elementor-section-height-default elementor-section-height-default\" data-id=\"3060c1b\" data-element_type=\"section\">\n\t\t\t\t\t\t<div class=\"elementor-container elementor-column-gap-default\">\n\t\t\t\t\t<div class=\"elementor-column elementor-col-100 elementor-top-column elementor-element elementor-element-cb6648d\" data-id=\"cb6648d\" data-element_type=\"column\">\n\t\t\t<div class=\"elementor-widget-wrap elementor-element-populated\">\n\t\t\t\t\t\t\t\t<div class=\"elementor-element elementor-element-31f1137 elementor-widget elementor-widget-heading\" data-id=\"31f1137\" data-element_type=\"widget\" data-widget_type=\"heading.default\">\n\t\t\t\t<div class=\"elementor-widget-container\">\n\t\t\t<style>\/*! elementor - v3.11.1 - 15-02-2023 *\/\n.elementor-heading-title{padding:0;margin:0;line-height:1}.elementor-widget-heading .elementor-heading-title[class*=elementor-size-]>a{color:inherit;font-size:inherit;line-height:inherit}.elementor-widget-heading .elementor-heading-title.elementor-size-small{font-size:15px}.elementor-widget-heading .elementor-heading-title.elementor-size-medium{font-size:19px}.elementor-widget-heading .elementor-heading-title.elementor-size-large{font-size:29px}.elementor-widget-heading .elementor-heading-title.elementor-size-xl{font-size:39px}.elementor-widget-heading .elementor-heading-title.elementor-size-xxl{font-size:59px}<\/style><h3 class=\"elementor-heading-title elementor-size-default\">Mentions l\u00e9gales<\/h3>\t\t<\/div>\n\t\t\t\t<\/div>\n\t\t\t\t\t<\/div>\n\t\t<\/div>\n\t\t\t\t\t\t\t<\/div>\n\t\t<\/section>\n\t\t\t\t<section class=\"elementor-section elementor-top-section elementor-element elementor-element-842fa9a elementor-section-boxed elementor-section-height-default elementor-section-height-default\" data-id=\"842fa9a\" data-element_type=\"section\">\n\t\t\t\t\t\t<div class=\"elementor-container elementor-column-gap-default\">\n\t\t\t\t\t<div class=\"elementor-column elementor-col-100 elementor-top-column elementor-element elementor-element-b97f55f\" data-id=\"b97f55f\" data-element_type=\"column\">\n\t\t\t<div class=\"elementor-widget-wrap elementor-element-populated\">\n\t\t\t\t\t\t\t\t<div class=\"elementor-element elementor-element-b7076b5 elementor-widget elementor-widget-text-editor\" data-id=\"b7076b5\" data-element_type=\"widget\" data-widget_type=\"text-editor.default\">\n\t\t\t\t<div class=\"elementor-widget-container\">\n\t\t\t<style>\/*! elementor - v3.11.1 - 15-02-2023 *\/\n.elementor-widget-text-editor.elementor-drop-cap-view-stacked .elementor-drop-cap{background-color:#818a91;color:#fff}.elementor-widget-text-editor.elementor-drop-cap-view-framed .elementor-drop-cap{color:#818a91;border:3px solid;background-color:transparent}.elementor-widget-text-editor:not(.elementor-drop-cap-view-default) .elementor-drop-cap{margin-top:8px}.elementor-widget-text-editor:not(.elementor-drop-cap-view-default) .elementor-drop-cap-letter{width:1em;height:1em}.elementor-widget-text-editor .elementor-drop-cap{float:left;text-align:center;line-height:1;font-size:50px}.elementor-widget-text-editor .elementor-drop-cap-letter{display:inline-block}<\/style>\t\t\t\t<p>En vertu de l&rsquo;article 6 de la loi n\u00b0 2004-575 du 21 juin 2004 pour la confiance dans l&rsquo;\u00e9conomie num\u00e9rique, il est pr\u00e9cis\u00e9 aux utilisateurs du site\u00a0 ophelie-fontaine.fr l&rsquo;identit\u00e9 des diff\u00e9rents intervenants dans le cadre de sa r\u00e9alisation et de son suivi.<\/p><p>R\u00e8gles professionnel applicables: Code de D\u00e9ontologie de Oph\u00e9lie Fontaine\u2192<a href=\"https:\/\/latelierdofee.fr\/?page_id=3142\">Code de d\u00e9ontologie \u2013 Oph\u00e9lie Fontaine(ophelie-fontaine.fr)<\/a><\/p><p><span style=\"text-decoration: underline;\"><strong>PROPRI\u00c9TAIRE DU SITE<\/strong><\/span><\/p><p>FONTAINE Oph\u00e9lie<\/p><p>En Bretagne<\/p><p>SIRET: 892 317 942 00019<\/p><p>CODE APE: 1392z<\/p><p>N\u00b0DA: M29020191396<\/p><p>N\u00b0 de T.V.A Intracommunautaire<\/p><p><span style=\"text-decoration: underline;\"><strong>H\u00c9BERGEMENT DU SITE<\/strong><\/span><\/p><p>OVH.com<\/p><p>A Roubaix<\/p><p>Fondateur : Octave Klaba<\/p><p><span style=\"text-decoration: underline;\"><strong>CONDITIONS G\u00c9N\u00c9RALES D&rsquo;UTILISATION DU SITE ET DES SERVICES PROPOS\u00c9S<\/strong><\/span><\/p><p>L&rsquo;utilisation du site www.latelierdofee.fr implique l&rsquo;acceptation pleine et enti\u00e8re des conditions g\u00e9n\u00e9rales d&rsquo;utilisation ci-apr\u00e8s d\u00e9crites. Ces conditions d&rsquo;utilisation sont susceptibles d&rsquo;\u00eatre modifi\u00e9es ou compl\u00e9t\u00e9es \u00e0 tout moment, les utilisateurs du site www.latelierdofee.fr sont donc invit\u00e9s \u00e0 consulter de mani\u00e8re r\u00e9guli\u00e8re. Ce site est normalement accessible \u00e0 tout moment aux utilisateurs. Une interruption pour raison de maintenance technique peut-\u00eatre toutefois d\u00e9cid\u00e9e par Oph\u00e9lie FONTAINE, qui s&rsquo;efforcera alors de communiquer pr\u00e9alablement aux utilisateurs les dates et heures de l&rsquo;Intervention. Le site www.latelierdofee.fr est mis \u00e0 jour r\u00e9guli\u00e8rement par Oph\u00e9lie FONTAINE. De la m\u00eame fa\u00e7on, les mentions l\u00e9gales peuvent \u00eatre modifi\u00e9es \u00e0 tout moment\u00a0 elles s&rsquo;imposent n\u00e9anmoins \u00e0 l&rsquo;utilisateur qui est invit\u00e9 \u00e0 s&rsquo;y r\u00e9f\u00e9rer le plus souvent possible afin d&rsquo;en prendre connaissance.<\/p><p><span style=\"text-decoration: underline;\"><strong>DESCRIPTION DES SERVICES FOURNIS<\/strong><\/span><\/p><p>Le site www.latelierdofee.fr a pour objet de fournir une information concernant l&rsquo;ensemble des activit\u00e9s exerc\u00e9es par Oph\u00e9lie FONTAINE.<\/p><p>Oph\u00e9lie FONTAINE s&rsquo;efforce de fournir sur le site www.ophelie-fontaine.fr des informations aussi pr\u00e9cises que possible. Toutefois, elle ne pourra \u00eatre tenue responsable des omissions, des inexactitudes et des carences dans la mise \u00e0 jour, qu&rsquo;elles soient\u00a0 de son fait ou du fait des tiers partenaires qui lui fournissent ces informations. Toutes les informations indiqu\u00e9es sur le site www.ophelie-fontaine.fr sont donn\u00e9es \u00e0 titre indicatif, et sont susceptibles d&rsquo;\u00e9voluer. Par ailleurs, les renseignements figurant sur le site www.ophelie-fontaine.fr ne sont pas exhaustifs. Ils sont donn\u00e9s sous r\u00e9serve de modifications ayant \u00e9t\u00e9 apport\u00e9es depuis leur mise en ligne.<\/p><p><span style=\"text-decoration: underline;\"><strong>PROPRI\u00c9T\u00c9 INTELLECTUELLE DE CONTREFA\u00c7ON.<\/strong><\/span><\/p><p>Le site constitue une \u0153uvre dont Oph\u00e9lie FONTAINE est l&rsquo;auteur au sens des articles L111.1 et suivants du Code de la propri\u00e9t\u00e9 intellectuelle. Oph\u00e9lie FONTAINE est ainsi propri\u00e9taire des droits de propri\u00e9t\u00e9 intellectuelle ou d\u00e9tient les droits d&rsquo;usage sur tous les \u00e9l\u00e9ments accessibles sur le site, notamment les textes, images, graphismes, logo, ic\u00f4nes, sons, logiciels. Toute reproduction, repr\u00e9sentation, modification, publication, adaptation de tout ou partie des \u00e9l\u00e9ments du site, totale ou partielle, permanente ou temporaire, quel que soit le moyen ou le proc\u00e9d\u00e9 utilis\u00e9, sur support informatique et\/ou papier, et par quelque proc\u00e9d\u00e9 que ce soit ( notamment par voie framing*), de l&rsquo;un ou l&rsquo;autre des \u00e9l\u00e9ments du site ou des services propos\u00e9s \u00e0 la vente, sans l&rsquo;accord pr\u00e9alable et expr\u00e8s de Oph\u00e9lie FONTAINE est interdite, et constitue un acte de contrefa\u00e7on, qui pourra entra\u00eener des condamnations civiles et\/ou p\u00e9nales conform\u00e9ment aux dispositions des articles L.335-2 et suivants des Code de propri\u00e9t\u00e9 Intellectuelle. *action de capter le contenu de pages d&rsquo;un site internet pour le transf\u00e9rer sur son propre site par le biais d&rsquo;un lien hypertexte, en faisant appara\u00eetre ledit contenu comme le sien.<\/p><p>Toutes les photos de Oph\u00e9lie FONTAINE et la plupart utilis\u00e9es sur les pages de vente sont l&rsquo;\u0153uvre de elle m\u00eame, Oph\u00e9lie FONTAINE. Toute utilisation ou reproduction est totalement interdite.<\/p><p><span style=\"text-decoration: underline;\"><strong>LIMITATION DE RESPONSABILIT\u00c9<\/strong><\/span><\/p><p>Oph\u00e9lie FONTAINE ne pourra \u00eatre tenue responsable des dommages directs et indirects caus\u00e9s au mat\u00e9riel de l&rsquo;utilisateur, lors de l&rsquo;acc\u00e8s au site www.ophelie-fontaine.fr, et r\u00e9sultant soit de l&rsquo;utilisation d&rsquo;un mat\u00e9riel ne r\u00e9pondant pas aux satisfactions indiqu\u00e9es au point 4, soit de l&rsquo;apparition d&rsquo;un bug ou d&rsquo;une incompatibilit\u00e9. Oph\u00e9lie FONTAINE ne pourra \u00e9galement \u00eatre tenue responsable des dommages indirects ( tels que par exemple une perte de march\u00e9 ou perte de chance). cons\u00e9cutifs \u00e0 l&rsquo;utilisation du site www.ophelie-fontaine.fr. Des espaces interactifs ( possibilit\u00e9 de poser des questions dans l&rsquo;espace contact) sont \u00e0 la disposition des utilisateurs. Oph\u00e9lie FONTAINE se r\u00e9serve le droit de supprimer, sans mise en demeure pr\u00e9alable, tout contenu d\u00e9pos\u00e9 dans cet espace qui contreviendrait \u00e0 la l\u00e9gislation applicable en France, en particulier aux dispositions relatives \u00e0 la protection des donn\u00e9es. Les cas \u00e9ch\u00e9ant, Oph\u00e9lie FONATINE se r\u00e9serve \u00e9galement la possibilit\u00e9 de mettre en cause la responsabilit\u00e9 civile et \/ou p\u00e9nale de l&rsquo;utilisateur, notamment en cas de message \u00e0 caract\u00e8re raciste, injurieux, diffamant, ou pornographique, quel que soit le support utilis\u00e9 ( texte, photographie . . .)<\/p><p><span style=\"text-decoration: underline;\"><strong>GESTIONS DES DONN\u00c9ES PERSONNELLES<\/strong><\/span><\/p><p>Vous pouvez consulter notre politique de confidentialit\u00e9 de gestion des donn\u00e9es personnelles r\u00e9gie par le r\u00e8glement (UE) 2016\/679 du 27 avril 2016 dit \u00ab\u00a0RGPD\u00a0\u00bb mis en pratique le 25 mais 2018, en consultant cette page: <a href=\"https:\/\/latelierdofee.fr\/?page_id=3136\">Politique de confidentialit\u00e9 \u2013 Oph\u00e9lie Fontaine (ophelie-fontaine.fr)<\/a><\/p><p><span style=\"text-decoration: underline;\"><strong>LIENS HYPERTEXTE EST COOKIES<\/strong><\/span><\/p><p>Le site www.ophelie-fontaine.fr contient un certain nombre de liens hypertextes vers d&rsquo;autres sites, mis en place avec l&rsquo;autorisation de Oph\u00e9lie FONTAINE . Cependant, Oph\u00e9lie FONTAINE\u00a0 n&rsquo;a pas la possibilit\u00e9 de v\u00e9rifier le contenu des sites ainsi visit\u00e9s, et n&rsquo;assumera en cons\u00e9quence aucune responsabilit\u00e9 de ce fait. Concernant d&rsquo;\u00e9ventuels cookies d\u00e9pos\u00e9s suite \u00e0 une visite du site www.ophelie-fontaine.fr, nous vous remercions de consulter notre page :<\/p><p><span style=\"text-decoration: underline;\"><strong>DROIT APPLICABLE ET ATTRIBUTION DE JURIDICTION<\/strong><\/span><\/p><p>Tout litige en relation avec l&rsquo;utilisation du site www.ophelie-fontaine.fr est soumis au droit fran\u00e7ais. Il est fait attribution exclusive de juridiction aux tribunaux comp\u00e9tents de BREST.<\/p><p><span style=\"text-decoration: underline;\"><strong>LES PRINCIPALES LOIS ET R\u00c9GLEMENTS CONCERN\u00c9S<\/strong><\/span><\/p><p>Loi n\u00b078-17 du 6 janvier1978, notamment modifi\u00e9e par la loi n\u00b02004-801 du 6 ao\u00fbt 2004 relative \u00e0 l&rsquo;informatique, aux fichiers et aux libert\u00e9s, modifi\u00e9e par le r\u00e8glement europ\u00e9en (UE) 2016-679 du 27 avril dit \u00ab\u00a0RGPD\u00a0\u00bb. Loi n\u00b02004-575 du 21 juin 2004 pour la confiance dans l&rsquo;\u00e9conomie num\u00e9rique.<\/p><p><span style=\"text-decoration: underline;\"><strong>Si vous avez des questions:<\/strong><\/span><\/p><p>Nous sommes \u00e0 votre disposition pour r\u00e9pondre \u00e0 toutes vos questions ou vos commentaires. Merci de nous \u00e9crire \u00e0 atypiquementsoi@ophelie-fontaine.fr<\/p>\t\t\t\t\t\t<\/div>\n\t\t\t\t<\/div>\n\t\t\t\t\t<\/div>\n\t\t<\/div>\n\t\t\t\t\t\t\t<\/div>\n\t\t<\/section>\n\t\t\t\t\t\t\t<\/div>\n\t\t","protected":false},"excerpt":{"rendered":"<p>Mentions l\u00e9gales En vertu de l&rsquo;article 6 de la loi n\u00b0 2004-575 du 21 juin 2004 pour la confiance dans l&rsquo;\u00e9conomie num\u00e9rique, il est pr\u00e9cis\u00e9 aux utilisateurs du site\u00a0 ophelie-fontaine.fr l&rsquo;identit\u00e9 des diff\u00e9rents intervenants dans le cadre de sa r\u00e9alisation et de son suivi. R\u00e8gles professionnel applicables: Code de D\u00e9ontologie de Oph\u00e9lie Fontaine\u2192Code de d\u00e9ontologie &hellip;<\/p>\n<p class=\"read-more\"> <a class=\"\" href=\"https:\/\/ophelie-fontaine.fr\/?page_id=3139\"> <span class=\"screen-reader-text\">Mentions l\u00e9gales<\/span> Lire la suite\u00a0\u00bb<\/a><\/p>\n","protected":false},"author":1,"featured_media":0,"parent":0,"menu_order":0,"comment_status":"closed","ping_status":"closed","template":"","meta":{"site-sidebar-layout":"no-sidebar","site-content-layout":"page-builder","ast-global-header-display":"","ast-main-header-display":"","ast-hfb-above-header-display":"","ast-hfb-below-header-display":"","ast-hfb-mobile-header-display":"","site-post-title":"disabled","ast-breadcrumbs-content":"","ast-featured-img":"disabled","footer-sml-layout":"","theme-transparent-header-meta":"","adv-header-id-meta":"","stick-header-meta":"","header-above-stick-meta":"","header-main-stick-meta":"","header-below-stick-meta":""},"yoast_head":"<!-- This site is optimized with the Yoast SEO plugin v20.1 - https:\/\/yoast.com\/wordpress\/plugins\/seo\/ -->\n<title>Mentions l\u00e9gales - Oph\u00e9lie Fontaine<\/title>\n<meta name=\"robots\" content=\"index, follow, max-snippet:-1, max-image-preview:large, max-video-preview:-1\" \/>\n<link rel=\"canonical\" href=\"https:\/\/ophelie-fontaine.fr\/?page_id=3139\" \/>\n<meta property=\"og:locale\" content=\"fr_FR\" \/>\n<meta property=\"og:type\" content=\"article\" \/>\n<meta property=\"og:title\" content=\"Mentions l\u00e9gales - Oph\u00e9lie Fontaine\" \/>\n<meta property=\"og:description\" content=\"Mentions l\u00e9gales En vertu de l&rsquo;article 6 de la loi n\u00b0 2004-575 du 21 juin 2004 pour la confiance dans l&rsquo;\u00e9conomie num\u00e9rique, il est pr\u00e9cis\u00e9 aux utilisateurs du site\u00a0 ophelie-fontaine.fr l&rsquo;identit\u00e9 des diff\u00e9rents intervenants dans le cadre de sa r\u00e9alisation et de son suivi. R\u00e8gles professionnel applicables: Code de D\u00e9ontologie de Oph\u00e9lie Fontaine\u2192Code de d\u00e9ontologie &hellip; Mentions l\u00e9gales Lire la suite\u00a0\u00bb\" \/>\n<meta property=\"og:url\" content=\"https:\/\/ophelie-fontaine.fr\/?page_id=3139\" \/>\n<meta property=\"og:site_name\" content=\"Oph\u00e9lie Fontaine\" \/>\n<meta property=\"article:modified_time\" content=\"2022-07-26T10:32:11+00:00\" \/>\n<meta name=\"twitter:card\" content=\"summary_large_image\" \/>\n<meta name=\"twitter:label1\" content=\"Dur\u00e9e de lecture estim\u00e9e\" \/>\n\t<meta name=\"twitter:data1\" content=\"5 minutes\" \/>\n<script type=\"application\/ld+json\" class=\"yoast-schema-graph\">{\"@context\":\"https:\/\/schema.org\",\"@graph\":[{\"@type\":\"WebPage\",\"@id\":\"https:\/\/ophelie-fontaine.fr\/?page_id=3139\",\"url\":\"https:\/\/ophelie-fontaine.fr\/?page_id=3139\",\"name\":\"Mentions l\u00e9gales - Oph\u00e9lie Fontaine\",\"isPartOf\":{\"@id\":\"https:\/\/ophelie-fontaine.fr\/#website\"},\"datePublished\":\"2022-06-03T01:41:35+00:00\",\"dateModified\":\"2022-07-26T10:32:11+00:00\",\"breadcrumb\":{\"@id\":\"https:\/\/ophelie-fontaine.fr\/?page_id=3139#breadcrumb\"},\"inLanguage\":\"fr-FR\",\"potentialAction\":[{\"@type\":\"ReadAction\",\"target\":[\"https:\/\/ophelie-fontaine.fr\/?page_id=3139\"]}]},{\"@type\":\"BreadcrumbList\",\"@id\":\"https:\/\/ophelie-fontaine.fr\/?page_id=3139#breadcrumb\",\"itemListElement\":[{\"@type\":\"ListItem\",\"position\":1,\"name\":\"Accueil\",\"item\":\"https:\/\/ophelie-fontaine.fr\/\"},{\"@type\":\"ListItem\",\"position\":2,\"name\":\"Mentions l\u00e9gales\"}]},{\"@type\":\"WebSite\",\"@id\":\"https:\/\/ophelie-fontaine.fr\/#website\",\"url\":\"https:\/\/ophelie-fontaine.fr\/\",\"name\":\"Oph\u00e9lie Fontaine\",\"description\":\"Coach Atypiquement Soi\",\"publisher\":{\"@id\":\"https:\/\/ophelie-fontaine.fr\/#organization\"},\"potentialAction\":[{\"@type\":\"SearchAction\",\"target\":{\"@type\":\"EntryPoint\",\"urlTemplate\":\"https:\/\/ophelie-fontaine.fr\/?s={search_term_string}\"},\"query-input\":\"required name=search_term_string\"}],\"inLanguage\":\"fr-FR\"},{\"@type\":\"Organization\",\"@id\":\"https:\/\/ophelie-fontaine.fr\/#organization\",\"name\":\"Oph\u00e9lie Fontaine\",\"url\":\"https:\/\/ophelie-fontaine.fr\/\",\"logo\":{\"@type\":\"ImageObject\",\"inLanguage\":\"fr-FR\",\"@id\":\"https:\/\/ophelie-fontaine.fr\/#\/schema\/logo\/image\/\",\"url\":\"https:\/\/ophelie-fontaine.fr\/wp-content\/uploads\/2025\/04\/cropped-LOGO__11_-removebg-preview.png\",\"contentUrl\":\"https:\/\/ophelie-fontaine.fr\/wp-content\/uploads\/2025\/04\/cropped-LOGO__11_-removebg-preview.png\",\"width\":500,\"height\":167,\"caption\":\"Oph\u00e9lie Fontaine\"},\"image\":{\"@id\":\"https:\/\/ophelie-fontaine.fr\/#\/schema\/logo\/image\/\"}}]}<\/script>\n<!-- \/ Yoast SEO plugin. -->","yoast_head_json":{"title":"Mentions l\u00e9gales - Oph\u00e9lie Fontaine","robots":{"index":"index","follow":"follow","max-snippet":"max-snippet:-1","max-image-preview":"max-image-preview:large","max-video-preview":"max-video-preview:-1"},"canonical":"https:\/\/ophelie-fontaine.fr\/?page_id=3139","og_locale":"fr_FR","og_type":"article","og_title":"Mentions l\u00e9gales - Oph\u00e9lie Fontaine","og_description":"Mentions l\u00e9gales En vertu de l&rsquo;article 6 de la loi n\u00b0 2004-575 du 21 juin 2004 pour la confiance dans l&rsquo;\u00e9conomie num\u00e9rique, il est pr\u00e9cis\u00e9 aux utilisateurs du site\u00a0 ophelie-fontaine.fr l&rsquo;identit\u00e9 des diff\u00e9rents intervenants dans le cadre de sa r\u00e9alisation et de son suivi. R\u00e8gles professionnel applicables: Code de D\u00e9ontologie de Oph\u00e9lie Fontaine\u2192Code de d\u00e9ontologie &hellip; Mentions l\u00e9gales Lire la suite\u00a0\u00bb","og_url":"https:\/\/ophelie-fontaine.fr\/?page_id=3139","og_site_name":"Oph\u00e9lie Fontaine","article_modified_time":"2022-07-26T10:32:11+00:00","twitter_card":"summary_large_image","twitter_misc":{"Dur\u00e9e de lecture estim\u00e9e":"5 minutes"},"schema":{"@context":"https:\/\/schema.org","@graph":[{"@type":"WebPage","@id":"https:\/\/ophelie-fontaine.fr\/?page_id=3139","url":"https:\/\/ophelie-fontaine.fr\/?page_id=3139","name":"Mentions l\u00e9gales - Oph\u00e9lie Fontaine","isPartOf":{"@id":"https:\/\/ophelie-fontaine.fr\/#website"},"datePublished":"2022-06-03T01:41:35+00:00","dateModified":"2022-07-26T10:32:11+00:00","breadcrumb":{"@id":"https:\/\/ophelie-fontaine.fr\/?page_id=3139#breadcrumb"},"inLanguage":"fr-FR","potentialAction":[{"@type":"ReadAction","target":["https:\/\/ophelie-fontaine.fr\/?page_id=3139"]}]},{"@type":"BreadcrumbList","@id":"https:\/\/ophelie-fontaine.fr\/?page_id=3139#breadcrumb","itemListElement":[{"@type":"ListItem","position":1,"name":"Accueil","item":"https:\/\/ophelie-fontaine.fr\/"},{"@type":"ListItem","position":2,"name":"Mentions l\u00e9gales"}]},{"@type":"WebSite","@id":"https:\/\/ophelie-fontaine.fr\/#website","url":"https:\/\/ophelie-fontaine.fr\/","name":"Oph\u00e9lie Fontaine","description":"Coach Atypiquement Soi","publisher":{"@id":"https:\/\/ophelie-fontaine.fr\/#organization"},"potentialAction":[{"@type":"SearchAction","target":{"@type":"EntryPoint","urlTemplate":"https:\/\/ophelie-fontaine.fr\/?s={search_term_string}"},"query-input":"required name=search_term_string"}],"inLanguage":"fr-FR"},{"@type":"Organization","@id":"https:\/\/ophelie-fontaine.fr\/#organization","name":"Oph\u00e9lie Fontaine","url":"https:\/\/ophelie-fontaine.fr\/","logo":{"@type":"ImageObject","inLanguage":"fr-FR","@id":"https:\/\/ophelie-fontaine.fr\/#\/schema\/logo\/image\/","url":"https:\/\/ophelie-fontaine.fr\/wp-content\/uploads\/2025\/04\/cropped-LOGO__11_-removebg-preview.png","contentUrl":"https:\/\/ophelie-fontaine.fr\/wp-content\/uploads\/2025\/04\/cropped-LOGO__11_-removebg-preview.png","width":500,"height":167,"caption":"Oph\u00e9lie Fontaine"},"image":{"@id":"https:\/\/ophelie-fontaine.fr\/#\/schema\/logo\/image\/"}}]}},"_links":{"self":[{"href":"https:\/\/ophelie-fontaine.fr\/index.php?rest_route=\/wp\/v2\/pages\/3139"}],"collection":[{"href":"https:\/\/ophelie-fontaine.fr\/index.php?rest_route=\/wp\/v2\/pages"}],"about":[{"href":"https:\/\/ophelie-fontaine.fr\/index.php?rest_route=\/wp\/v2\/types\/page"}],"author":[{"embeddable":true,"href":"https:\/\/ophelie-fontaine.fr\/index.php?rest_route=\/wp\/v2\/users\/1"}],"replies":[{"embeddable":true,"href":"https:\/\/ophelie-fontaine.fr\/index.php?rest_route=%2Fwp%2Fv2%2Fcomments&post=3139"}],"version-history":[{"count":0,"href":"https:\/\/ophelie-fontaine.fr\/index.php?rest_route=\/wp\/v2\/pages\/3139\/revisions"}],"wp:attachment":[{"href":"https:\/\/ophelie-fontaine.fr\/index.php?rest_route=%2Fwp%2Fv2%2Fmedia&parent=3139"}],"curies":[{"name":"wp","href":"https:\/\/api.w.org\/{rel}","templated":true}]}}